{"id":348,"date":"2026-02-12T13:27:22","date_gmt":"2026-02-12T13:27:22","guid":{"rendered":"https:\/\/anthonypham.us\/?post_type=product&#038;p=348"},"modified":"2026-02-13T13:54:27","modified_gmt":"2026-02-13T13:54:27","slug":"go-dau-tay-ninh","status":"publish","type":"product","link":"https:\/\/anthonypham.us\/en\/product\/go-dau-tay-ninh\/","title":{"rendered":"Go Dau - Tay Ninh"},"content":{"rendered":"<h2>T\u00c2Y NINH &#8211; Ch\u00ednh Ch\u1ee7<\/h2>\n<ul>\n<li>Nh\u00e0 ph\u1ed1 g\u1ea7n ch\u1ee3 Ph\u01b0\u1edbc Th\u1ea1nh, G\u00f2 D\u1ea7u T\u00e2y Ninh.<\/li>\n<li>Nh\u00e0 thi\u1ebft k\u1ebf theo phong c\u00e1ch hi\u1ec7n \u0111\u1ea1i, tr\u1ebb trung. \u0110\u00e1p \u1ee9ng \u0111\u1ea7y \u0111\u1ee7 c\u00f4ng n\u0103ng s\u1eed d\u1ee5ng cho m\u1ed9t gia \u0111\u00ecnh.<\/li>\n<li>Di\u1ec7n t\u00edch \u0111\u1ea5t: 6&#215;25 (81m\u00b2 th\u1ed5 c\u01b0)<\/li>\n<li>Nh\u00e0 c\u00f3 2 ph\u00f2ng ng\u1ee7, 1 ph\u00f2ng c\u00f3 g\u00e1c l\u1eedng \u0111\u1ec3 n\u1edbi th\u00eam di\u1ec7n t\u00edch s\u1eed d\u1ee5ng. 2wc, 1 P.kh\u00e1ch + b\u1ebfp th\u00f4ng tho\u00e1ng. B\u1ebfp \u0111\u01b0\u1ee3c trang b\u1ecb \u0111\u1ea7y \u0111\u1ee7 ti\u1ec7m \u00edch.<\/li>\n<li>\u0110\u01b0\u1eddng nh\u1ef1a xe t\u1ea3i \u0111i tho\u1ea3i m\u00e1i.<\/li>\n<li>C\u00e1ch ch\u1ee3, tr\u01b0\u1eddng h\u1ecdc Ph\u01b0\u1edbc Th\u1ea1nh 500m v\u00e0 c\u00e1ch trung t\u00e2m th\u1ecb tr\u1ea5n G\u00f2 D\u1ea7u 2,5km. C\u00e1ch khu c\u00f4ng nghi\u1ec7p Ph\u01b0\u1edbc \u0110\u00f4ng 10p \u0111i xe m\u00e1y.<\/li>\n<\/ul>","protected":false},"excerpt":{"rendered":"<p><span data-sheets-root=\"1\"><img loading=\"lazy\" decoding=\"async\" class=\"alignnone wp-image-218\" src=\"https:\/\/anthonypham.us\/wp-content\/uploads\/2026\/02\/icon_phong.png\" alt=\"\" width=\"15\" height=\"13\" \/> 2 bedrooms, 1 living room, 2 bathrooms<\/span><\/p>\n<p><span data-sheets-root=\"1\"><img loading=\"lazy\" decoding=\"async\" class=\"alignnone wp-image-219\" src=\"https:\/\/anthonypham.us\/wp-content\/uploads\/2026\/02\/icon_rong.png\" alt=\"\" width=\"15\" height=\"13\" \/> Area: 6m x 25m<\/span><\/p>\n<p><span data-sheets-root=\"1\"><img loading=\"lazy\" decoding=\"async\" class=\"alignnone wp-image-216\" src=\"https:\/\/anthonypham.us\/wp-content\/uploads\/2026\/02\/icon_datrong.png\" alt=\"\" width=\"15\" height=\"13\" \/> Area: 82m\u00b2 of residential land<\/span><\/p>\n<div><\/div>\n<div><\/div>\n<div><\/div>","protected":false},"featured_media":360,"comment_status":"closed","ping_status":"closed","template":"","meta":[],"product_brand":[],"product_cat":[34],"product_tag":[22,24],"class_list":{"0":"post-348","1":"product","2":"type-product","3":"status-publish","4":"has-post-thumbnail","6":"product_cat-nha-o-viet-nam","7":"product_tag-active-listing","8":"product_tag-bat-dong-san-viet-nam","10":"first","11":"instock","12":"featured","13":"shipping-taxable","14":"product-type-grouped"},"yoast_head":"<!-- This site is optimized with the Yoast SEO plugin v26.9 - https:\/\/yoast.com\/product\/yoast-seo-wordpress\/ -->\n<title>G\u00f2 D\u1ea7u - T\u00e2y Ninh - Anthony Pham Realtor<\/title>\n<meta name=\"robots\" content=\"index, follow, max-snippet:-1, max-image-preview:large, max-video-preview:-1\" \/>\n<link rel=\"canonical\" href=\"https:\/\/anthonypham.us\/en\/product\/go-dau-tay-ninh\/\" \/>\n<meta property=\"og:locale\" content=\"en_US\" \/>\n<meta property=\"og:type\" content=\"article\" \/>\n<meta property=\"og:title\" content=\"G\u00f2 D\u1ea7u - T\u00e2y Ninh - Anthony Pham Realtor\" \/>\n<meta property=\"og:description\" content=\"2 ph\u00f2ng ng\u1ee7, 1 ph\u00f2ng kh\u00e1ch, 2 nh\u00e0 v\u1ec7 sinh   Di\u1ec7n t\u00edch: 6m x 25m   R\u1ed9ng: 82m\u00b2 th\u1ed5 c\u01b0\" \/>\n<meta property=\"og:url\" content=\"https:\/\/anthonypham.us\/en\/product\/go-dau-tay-ninh\/\" \/>\n<meta property=\"og:site_name\" content=\"Anthony Pham Realtor\" \/>\n<meta property=\"article:publisher\" content=\"https:\/\/www.facebook.com\/anthonypham2005\" \/>\n<meta property=\"article:modified_time\" content=\"2026-02-13T13:54:27+00:00\" \/>\n<meta property=\"og:image\" content=\"https:\/\/anthonypham.us\/wp-content\/uploads\/2026\/02\/1_TayNinh_Cover.jpg\" \/>\n\t<meta property=\"og:image:width\" content=\"2048\" \/>\n\t<meta property=\"og:image:height\" content=\"1536\" \/>\n\t<meta property=\"og:image:type\" content=\"image\/jpeg\" \/>\n<meta name=\"twitter:card\" content=\"summary_large_image\" \/>\n<meta name=\"twitter:label1\" content=\"Est. reading time\" \/>\n\t<meta name=\"twitter:data1\" content=\"1 minute\" \/>\n<script type=\"application\/ld+json\" class=\"yoast-schema-graph\">{\"@context\":\"https:\/\/schema.org\",\"@graph\":[{\"@type\":\"WebPage\",\"@id\":\"https:\/\/anthonypham.us\/product\/go-dau-tay-ninh\/\",\"url\":\"https:\/\/anthonypham.us\/product\/go-dau-tay-ninh\/\",\"name\":\"G\u00f2 D\u1ea7u - T\u00e2y Ninh - Anthony Pham Realtor\",\"isPartOf\":{\"@id\":\"https:\/\/anthonypham.us\/#website\"},\"primaryImageOfPage\":{\"@id\":\"https:\/\/anthonypham.us\/product\/go-dau-tay-ninh\/#primaryimage\"},\"image\":{\"@id\":\"https:\/\/anthonypham.us\/product\/go-dau-tay-ninh\/#primaryimage\"},\"thumbnailUrl\":\"https:\/\/anthonypham.us\/wp-content\/uploads\/2026\/02\/1_TayNinh_Cover.jpg\",\"datePublished\":\"2026-02-12T13:27:22+00:00\",\"dateModified\":\"2026-02-13T13:54:27+00:00\",\"breadcrumb\":{\"@id\":\"https:\/\/anthonypham.us\/product\/go-dau-tay-ninh\/#breadcrumb\"},\"inLanguage\":\"en-US\",\"potentialAction\":[{\"@type\":\"ReadAction\",\"target\":[\"https:\/\/anthonypham.us\/product\/go-dau-tay-ninh\/\"]}]},{\"@type\":\"ImageObject\",\"inLanguage\":\"en-US\",\"@id\":\"https:\/\/anthonypham.us\/product\/go-dau-tay-ninh\/#primaryimage\",\"url\":\"https:\/\/anthonypham.us\/wp-content\/uploads\/2026\/02\/1_TayNinh_Cover.jpg\",\"contentUrl\":\"https:\/\/anthonypham.us\/wp-content\/uploads\/2026\/02\/1_TayNinh_Cover.jpg\",\"width\":2048,\"height\":1536},{\"@type\":\"BreadcrumbList\",\"@id\":\"https:\/\/anthonypham.us\/product\/go-dau-tay-ninh\/#breadcrumb\",\"itemListElement\":[{\"@type\":\"ListItem\",\"position\":1,\"name\":\"Home\",\"item\":\"https:\/\/anthonypham.us\/\"},{\"@type\":\"ListItem\",\"position\":2,\"name\":\"Shop\",\"item\":\"https:\/\/anthonypham.us\/shop\/\"},{\"@type\":\"ListItem\",\"position\":3,\"name\":\"G\u00f2 D\u1ea7u &#8211; T\u00e2y Ninh\"}]},{\"@type\":\"WebSite\",\"@id\":\"https:\/\/anthonypham.us\/#website\",\"url\":\"https:\/\/anthonypham.us\/\",\"name\":\"Anthony Pham Realtor\",\"description\":\"\",\"publisher\":{\"@id\":\"https:\/\/anthonypham.us\/#organization\"},\"potentialAction\":[{\"@type\":\"SearchAction\",\"target\":{\"@type\":\"EntryPoint\",\"urlTemplate\":\"https:\/\/anthonypham.us\/?s={search_term_string}\"},\"query-input\":{\"@type\":\"PropertyValueSpecification\",\"valueRequired\":true,\"valueName\":\"search_term_string\"}}],\"inLanguage\":\"en-US\"},{\"@type\":\"Organization\",\"@id\":\"https:\/\/anthonypham.us\/#organization\",\"name\":\"Anthony Pham Realtor\",\"url\":\"https:\/\/anthonypham.us\/\",\"logo\":{\"@type\":\"ImageObject\",\"inLanguage\":\"en-US\",\"@id\":\"https:\/\/anthonypham.us\/#\/schema\/logo\/image\/\",\"url\":\"https:\/\/anthonypham.us\/wp-content\/uploads\/2026\/01\/Logo.png\",\"contentUrl\":\"https:\/\/anthonypham.us\/wp-content\/uploads\/2026\/01\/Logo.png\",\"width\":303,\"height\":81,\"caption\":\"Anthony Pham Realtor\"},\"image\":{\"@id\":\"https:\/\/anthonypham.us\/#\/schema\/logo\/image\/\"},\"sameAs\":[\"https:\/\/www.facebook.com\/anthonypham2005\",\"https:\/\/www.tiktok.com\/@anthonypham.us?_r=1&_t=ZT-93jkvxq8XyY\",\"https:\/\/www.youtube.com\/@anthonypham-usa\"]}]}<\/script>\n<!-- \/ Yoast SEO plugin. -->","yoast_head_json":{"title":"G\u00f2 D\u1ea7u - T\u00e2y Ninh - Anthony Pham Realtor","robots":{"index":"index","follow":"follow","max-snippet":"max-snippet:-1","max-image-preview":"max-image-preview:large","max-video-preview":"max-video-preview:-1"},"canonical":"https:\/\/anthonypham.us\/en\/product\/go-dau-tay-ninh\/","og_locale":"en_US","og_type":"article","og_title":"G\u00f2 D\u1ea7u - T\u00e2y Ninh - Anthony Pham Realtor","og_description":"2 ph\u00f2ng ng\u1ee7, 1 ph\u00f2ng kh\u00e1ch, 2 nh\u00e0 v\u1ec7 sinh   Di\u1ec7n t\u00edch: 6m x 25m   R\u1ed9ng: 82m\u00b2 th\u1ed5 c\u01b0","og_url":"https:\/\/anthonypham.us\/en\/product\/go-dau-tay-ninh\/","og_site_name":"Anthony Pham Realtor","article_publisher":"https:\/\/www.facebook.com\/anthonypham2005","article_modified_time":"2026-02-13T13:54:27+00:00","og_image":[{"width":2048,"height":1536,"url":"https:\/\/anthonypham.us\/wp-content\/uploads\/2026\/02\/1_TayNinh_Cover.jpg","type":"image\/jpeg"}],"twitter_card":"summary_large_image","twitter_misc":{"Est. reading time":"1 minute"},"schema":{"@context":"https:\/\/schema.org","@graph":[{"@type":"WebPage","@id":"https:\/\/anthonypham.us\/product\/go-dau-tay-ninh\/","url":"https:\/\/anthonypham.us\/product\/go-dau-tay-ninh\/","name":"G\u00f2 D\u1ea7u - T\u00e2y Ninh - Anthony Pham Realtor","isPartOf":{"@id":"https:\/\/anthonypham.us\/#website"},"primaryImageOfPage":{"@id":"https:\/\/anthonypham.us\/product\/go-dau-tay-ninh\/#primaryimage"},"image":{"@id":"https:\/\/anthonypham.us\/product\/go-dau-tay-ninh\/#primaryimage"},"thumbnailUrl":"https:\/\/anthonypham.us\/wp-content\/uploads\/2026\/02\/1_TayNinh_Cover.jpg","datePublished":"2026-02-12T13:27:22+00:00","dateModified":"2026-02-13T13:54:27+00:00","breadcrumb":{"@id":"https:\/\/anthonypham.us\/product\/go-dau-tay-ninh\/#breadcrumb"},"inLanguage":"en-US","potentialAction":[{"@type":"ReadAction","target":["https:\/\/anthonypham.us\/product\/go-dau-tay-ninh\/"]}]},{"@type":"ImageObject","inLanguage":"en-US","@id":"https:\/\/anthonypham.us\/product\/go-dau-tay-ninh\/#primaryimage","url":"https:\/\/anthonypham.us\/wp-content\/uploads\/2026\/02\/1_TayNinh_Cover.jpg","contentUrl":"https:\/\/anthonypham.us\/wp-content\/uploads\/2026\/02\/1_TayNinh_Cover.jpg","width":2048,"height":1536},{"@type":"BreadcrumbList","@id":"https:\/\/anthonypham.us\/product\/go-dau-tay-ninh\/#breadcrumb","itemListElement":[{"@type":"ListItem","position":1,"name":"Home","item":"https:\/\/anthonypham.us\/"},{"@type":"ListItem","position":2,"name":"Shop","item":"https:\/\/anthonypham.us\/shop\/"},{"@type":"ListItem","position":3,"name":"G\u00f2 D\u1ea7u &#8211; T\u00e2y Ninh"}]},{"@type":"WebSite","@id":"https:\/\/anthonypham.us\/#website","url":"https:\/\/anthonypham.us\/","name":"Anthony Pham Realtor","description":"","publisher":{"@id":"https:\/\/anthonypham.us\/#organization"},"potentialAction":[{"@type":"SearchAction","target":{"@type":"EntryPoint","urlTemplate":"https:\/\/anthonypham.us\/?s={search_term_string}"},"query-input":{"@type":"PropertyValueSpecification","valueRequired":true,"valueName":"search_term_string"}}],"inLanguage":"en-US"},{"@type":"Organization","@id":"https:\/\/anthonypham.us\/#organization","name":"Anthony Pham Realtor","url":"https:\/\/anthonypham.us\/","logo":{"@type":"ImageObject","inLanguage":"en-US","@id":"https:\/\/anthonypham.us\/#\/schema\/logo\/image\/","url":"https:\/\/anthonypham.us\/wp-content\/uploads\/2026\/01\/Logo.png","contentUrl":"https:\/\/anthonypham.us\/wp-content\/uploads\/2026\/01\/Logo.png","width":303,"height":81,"caption":"Anthony Pham Realtor"},"image":{"@id":"https:\/\/anthonypham.us\/#\/schema\/logo\/image\/"},"sameAs":["https:\/\/www.facebook.com\/anthonypham2005","https:\/\/www.tiktok.com\/@anthonypham.us?_r=1&_t=ZT-93jkvxq8XyY","https:\/\/www.youtube.com\/@anthonypham-usa"]}]}},"_links":{"self":[{"href":"https:\/\/anthonypham.us\/en\/wp-json\/wp\/v2\/product\/348","targetHints":{"allow":["GET"]}}],"collection":[{"href":"https:\/\/anthonypham.us\/en\/wp-json\/wp\/v2\/product"}],"about":[{"href":"https:\/\/anthonypham.us\/en\/wp-json\/wp\/v2\/types\/product"}],"replies":[{"embeddable":true,"href":"https:\/\/anthonypham.us\/en\/wp-json\/wp\/v2\/comments?post=348"}],"wp:featuredmedia":[{"embeddable":true,"href":"https:\/\/anthonypham.us\/en\/wp-json\/wp\/v2\/media\/360"}],"wp:attachment":[{"href":"https:\/\/anthonypham.us\/en\/wp-json\/wp\/v2\/media?parent=348"}],"wp:term":[{"taxonomy":"product_brand","embeddable":true,"href":"https:\/\/anthonypham.us\/en\/wp-json\/wp\/v2\/product_brand?post=348"},{"taxonomy":"product_cat","embeddable":true,"href":"https:\/\/anthonypham.us\/en\/wp-json\/wp\/v2\/product_cat?post=348"},{"taxonomy":"product_tag","embeddable":true,"href":"https:\/\/anthonypham.us\/en\/wp-json\/wp\/v2\/product_tag?post=348"}],"curies":[{"name":"wp","href":"https:\/\/api.w.org\/{rel}","templated":true}]}}