{"id":366,"date":"2026-02-12T13:45:33","date_gmt":"2026-02-12T13:45:33","guid":{"rendered":"https:\/\/anthonypham.us\/?post_type=product&#038;p=366"},"modified":"2026-02-13T13:54:27","modified_gmt":"2026-02-13T13:54:27","slug":"long-thanh-dong-nai","status":"publish","type":"product","link":"https:\/\/anthonypham.us\/en\/product\/long-thanh-dong-nai\/","title":{"rendered":"Long Thanh - Dong Nai"},"content":{"rendered":"<h2>LONG TH\u00c0NH &#8211; \u0110\u1ed2NG NAI<\/h2>\n<ul>\n<li>Di\u1ec7n t\u00edch: 1.000m\u00b2 (\u0110\u1ea5t n\u00f4ng nghi\u1ec7p &#8211; Quy ho\u1ea1ch \u0111\u1ea5t \u1edf)<\/li>\n<li>Xe \u00f4 t\u00f4 v\u00f4 t\u1edbi n\u01a1i, quay \u0111\u1ea7u tho\u1ea3i m\u00e1i.<\/li>\n<li>C\u00e1ch s\u00e2n bay Long Th\u00e0nh #10km (20p)<\/li>\n<li>C\u00e1ch Khu T\u00e1i \u0111\u1ecbnh c\u01b0 Long Ph\u01b0\u1edbc #2km (5p)<\/li>\n<li>N\u1eb1m k\u1ebf b\u00ean C\u1ee5m Khu c\u00f4ng nghi\u1ec7p.<\/li>\n<li>C\u00e1ch cao t\u1ed1c B\u1ebfn L\u1ee9c &#8211; Long Th\u00e0nh (V\u00e0nh \u0110ai 3) #4km (10 ph\u00fat).<\/li>\n<\/ul>","protected":false},"excerpt":{"rendered":"<p><span data-sheets-root=\"1\"><img loading=\"lazy\" decoding=\"async\" class=\"alignnone wp-image-218\" src=\"https:\/\/anthonypham.us\/wp-content\/uploads\/2026\/02\/icon_phong.png\" alt=\"\" width=\"15\" height=\"13\" \/> \u0110\u1ea5t n\u00f4ng nghi\u1ec7p &#8211; Quy ho\u1ea1ch \u0111\u1ea5t \u1edf<\/span><\/p>\n<div class=\"final-desc\"><span data-sheets-root=\"1\"><img loading=\"lazy\" decoding=\"async\" class=\"alignnone wp-image-216\" src=\"https:\/\/anthonypham.us\/wp-content\/uploads\/2026\/02\/icon_datrong.png\" alt=\"\" width=\"15\" height=\"13\" \/> Area: 1,000m\u00b2<\/span><\/div>","protected":false},"featured_media":370,"comment_status":"closed","ping_status":"closed","template":"","meta":[],"product_brand":[],"product_cat":[34],"product_tag":[22,24],"class_list":{"0":"post-366","1":"product","2":"type-product","3":"status-publish","4":"has-post-thumbnail","6":"product_cat-nha-o-viet-nam","7":"product_tag-active-listing","8":"product_tag-bat-dong-san-viet-nam","10":"first","11":"instock","12":"shipping-taxable","13":"product-type-grouped"},"yoast_head":"<!-- This site is optimized with the Yoast SEO plugin v26.9 - https:\/\/yoast.com\/product\/yoast-seo-wordpress\/ -->\n<title>Long Th\u00e0nh - \u0110\u1ed3ng Nai - Anthony Pham Realtor<\/title>\n<meta name=\"robots\" content=\"index, follow, max-snippet:-1, max-image-preview:large, max-video-preview:-1\" \/>\n<link rel=\"canonical\" href=\"https:\/\/anthonypham.us\/en\/product\/long-thanh-dong-nai\/\" \/>\n<meta property=\"og:locale\" content=\"en_US\" \/>\n<meta property=\"og:type\" content=\"article\" \/>\n<meta property=\"og:title\" content=\"Long Th\u00e0nh - \u0110\u1ed3ng Nai - Anthony Pham Realtor\" \/>\n<meta property=\"og:description\" content=\"\u0110\u1ea5t n\u00f4ng nghi\u1ec7p - Quy ho\u1ea1ch \u0111\u1ea5t \u1edf  Di\u1ec7n t\u00edch: 1.000m\u00b2\" \/>\n<meta property=\"og:url\" content=\"https:\/\/anthonypham.us\/en\/product\/long-thanh-dong-nai\/\" \/>\n<meta property=\"og:site_name\" content=\"Anthony Pham Realtor\" \/>\n<meta property=\"article:publisher\" content=\"https:\/\/www.facebook.com\/anthonypham2005\" \/>\n<meta property=\"article:modified_time\" content=\"2026-02-13T13:54:27+00:00\" \/>\n<meta property=\"og:image\" content=\"https:\/\/anthonypham.us\/wp-content\/uploads\/2026\/02\/3_CamMy_Cover-1024x768.jpg\" \/>\n\t<meta property=\"og:image:width\" content=\"1024\" \/>\n\t<meta property=\"og:image:height\" content=\"768\" \/>\n\t<meta property=\"og:image:type\" content=\"image\/jpeg\" \/>\n<meta name=\"twitter:card\" content=\"summary_large_image\" \/>\n<meta name=\"twitter:label1\" content=\"Est. reading time\" \/>\n\t<meta name=\"twitter:data1\" content=\"1 minute\" \/>\n<script type=\"application\/ld+json\" class=\"yoast-schema-graph\">{\"@context\":\"https:\/\/schema.org\",\"@graph\":[{\"@type\":\"WebPage\",\"@id\":\"https:\/\/anthonypham.us\/product\/long-thanh-dong-nai\/\",\"url\":\"https:\/\/anthonypham.us\/product\/long-thanh-dong-nai\/\",\"name\":\"Long Th\u00e0nh - \u0110\u1ed3ng Nai - Anthony Pham Realtor\",\"isPartOf\":{\"@id\":\"https:\/\/anthonypham.us\/#website\"},\"primaryImageOfPage\":{\"@id\":\"https:\/\/anthonypham.us\/product\/long-thanh-dong-nai\/#primaryimage\"},\"image\":{\"@id\":\"https:\/\/anthonypham.us\/product\/long-thanh-dong-nai\/#primaryimage\"},\"thumbnailUrl\":\"https:\/\/anthonypham.us\/wp-content\/uploads\/2026\/02\/3_CamMy_Cover.jpg\",\"datePublished\":\"2026-02-12T13:45:33+00:00\",\"dateModified\":\"2026-02-13T13:54:27+00:00\",\"breadcrumb\":{\"@id\":\"https:\/\/anthonypham.us\/product\/long-thanh-dong-nai\/#breadcrumb\"},\"inLanguage\":\"en-US\",\"potentialAction\":[{\"@type\":\"ReadAction\",\"target\":[\"https:\/\/anthonypham.us\/product\/long-thanh-dong-nai\/\"]}]},{\"@type\":\"ImageObject\",\"inLanguage\":\"en-US\",\"@id\":\"https:\/\/anthonypham.us\/product\/long-thanh-dong-nai\/#primaryimage\",\"url\":\"https:\/\/anthonypham.us\/wp-content\/uploads\/2026\/02\/3_CamMy_Cover.jpg\",\"contentUrl\":\"https:\/\/anthonypham.us\/wp-content\/uploads\/2026\/02\/3_CamMy_Cover.jpg\",\"width\":2048,\"height\":1536},{\"@type\":\"BreadcrumbList\",\"@id\":\"https:\/\/anthonypham.us\/product\/long-thanh-dong-nai\/#breadcrumb\",\"itemListElement\":[{\"@type\":\"ListItem\",\"position\":1,\"name\":\"Home\",\"item\":\"https:\/\/anthonypham.us\/\"},{\"@type\":\"ListItem\",\"position\":2,\"name\":\"Shop\",\"item\":\"https:\/\/anthonypham.us\/shop\/\"},{\"@type\":\"ListItem\",\"position\":3,\"name\":\"Long Th\u00e0nh &#8211; \u0110\u1ed3ng Nai\"}]},{\"@type\":\"WebSite\",\"@id\":\"https:\/\/anthonypham.us\/#website\",\"url\":\"https:\/\/anthonypham.us\/\",\"name\":\"Anthony Pham Realtor\",\"description\":\"\",\"publisher\":{\"@id\":\"https:\/\/anthonypham.us\/#organization\"},\"potentialAction\":[{\"@type\":\"SearchAction\",\"target\":{\"@type\":\"EntryPoint\",\"urlTemplate\":\"https:\/\/anthonypham.us\/?s={search_term_string}\"},\"query-input\":{\"@type\":\"PropertyValueSpecification\",\"valueRequired\":true,\"valueName\":\"search_term_string\"}}],\"inLanguage\":\"en-US\"},{\"@type\":\"Organization\",\"@id\":\"https:\/\/anthonypham.us\/#organization\",\"name\":\"Anthony Pham Realtor\",\"url\":\"https:\/\/anthonypham.us\/\",\"logo\":{\"@type\":\"ImageObject\",\"inLanguage\":\"en-US\",\"@id\":\"https:\/\/anthonypham.us\/#\/schema\/logo\/image\/\",\"url\":\"https:\/\/anthonypham.us\/wp-content\/uploads\/2026\/01\/Logo.png\",\"contentUrl\":\"https:\/\/anthonypham.us\/wp-content\/uploads\/2026\/01\/Logo.png\",\"width\":303,\"height\":81,\"caption\":\"Anthony Pham Realtor\"},\"image\":{\"@id\":\"https:\/\/anthonypham.us\/#\/schema\/logo\/image\/\"},\"sameAs\":[\"https:\/\/www.facebook.com\/anthonypham2005\",\"https:\/\/www.tiktok.com\/@anthonypham.us?_r=1&_t=ZT-93jkvxq8XyY\",\"https:\/\/www.youtube.com\/@anthonypham-usa\"]}]}<\/script>\n<!-- \/ Yoast SEO plugin. -->","yoast_head_json":{"title":"Long Th\u00e0nh - \u0110\u1ed3ng Nai - Anthony Pham Realtor","robots":{"index":"index","follow":"follow","max-snippet":"max-snippet:-1","max-image-preview":"max-image-preview:large","max-video-preview":"max-video-preview:-1"},"canonical":"https:\/\/anthonypham.us\/en\/product\/long-thanh-dong-nai\/","og_locale":"en_US","og_type":"article","og_title":"Long Th\u00e0nh - \u0110\u1ed3ng Nai - Anthony Pham Realtor","og_description":"\u0110\u1ea5t n\u00f4ng nghi\u1ec7p - Quy ho\u1ea1ch \u0111\u1ea5t \u1edf  Di\u1ec7n t\u00edch: 1.000m\u00b2","og_url":"https:\/\/anthonypham.us\/en\/product\/long-thanh-dong-nai\/","og_site_name":"Anthony Pham Realtor","article_publisher":"https:\/\/www.facebook.com\/anthonypham2005","article_modified_time":"2026-02-13T13:54:27+00:00","og_image":[{"width":1024,"height":768,"url":"https:\/\/anthonypham.us\/wp-content\/uploads\/2026\/02\/3_CamMy_Cover-1024x768.jpg","type":"image\/jpeg"}],"twitter_card":"summary_large_image","twitter_misc":{"Est. reading time":"1 minute"},"schema":{"@context":"https:\/\/schema.org","@graph":[{"@type":"WebPage","@id":"https:\/\/anthonypham.us\/product\/long-thanh-dong-nai\/","url":"https:\/\/anthonypham.us\/product\/long-thanh-dong-nai\/","name":"Long Th\u00e0nh - \u0110\u1ed3ng Nai - Anthony Pham Realtor","isPartOf":{"@id":"https:\/\/anthonypham.us\/#website"},"primaryImageOfPage":{"@id":"https:\/\/anthonypham.us\/product\/long-thanh-dong-nai\/#primaryimage"},"image":{"@id":"https:\/\/anthonypham.us\/product\/long-thanh-dong-nai\/#primaryimage"},"thumbnailUrl":"https:\/\/anthonypham.us\/wp-content\/uploads\/2026\/02\/3_CamMy_Cover.jpg","datePublished":"2026-02-12T13:45:33+00:00","dateModified":"2026-02-13T13:54:27+00:00","breadcrumb":{"@id":"https:\/\/anthonypham.us\/product\/long-thanh-dong-nai\/#breadcrumb"},"inLanguage":"en-US","potentialAction":[{"@type":"ReadAction","target":["https:\/\/anthonypham.us\/product\/long-thanh-dong-nai\/"]}]},{"@type":"ImageObject","inLanguage":"en-US","@id":"https:\/\/anthonypham.us\/product\/long-thanh-dong-nai\/#primaryimage","url":"https:\/\/anthonypham.us\/wp-content\/uploads\/2026\/02\/3_CamMy_Cover.jpg","contentUrl":"https:\/\/anthonypham.us\/wp-content\/uploads\/2026\/02\/3_CamMy_Cover.jpg","width":2048,"height":1536},{"@type":"BreadcrumbList","@id":"https:\/\/anthonypham.us\/product\/long-thanh-dong-nai\/#breadcrumb","itemListElement":[{"@type":"ListItem","position":1,"name":"Home","item":"https:\/\/anthonypham.us\/"},{"@type":"ListItem","position":2,"name":"Shop","item":"https:\/\/anthonypham.us\/shop\/"},{"@type":"ListItem","position":3,"name":"Long Th\u00e0nh &#8211; \u0110\u1ed3ng Nai"}]},{"@type":"WebSite","@id":"https:\/\/anthonypham.us\/#website","url":"https:\/\/anthonypham.us\/","name":"Anthony Pham Realtor","description":"","publisher":{"@id":"https:\/\/anthonypham.us\/#organization"},"potentialAction":[{"@type":"SearchAction","target":{"@type":"EntryPoint","urlTemplate":"https:\/\/anthonypham.us\/?s={search_term_string}"},"query-input":{"@type":"PropertyValueSpecification","valueRequired":true,"valueName":"search_term_string"}}],"inLanguage":"en-US"},{"@type":"Organization","@id":"https:\/\/anthonypham.us\/#organization","name":"Anthony Pham Realtor","url":"https:\/\/anthonypham.us\/","logo":{"@type":"ImageObject","inLanguage":"en-US","@id":"https:\/\/anthonypham.us\/#\/schema\/logo\/image\/","url":"https:\/\/anthonypham.us\/wp-content\/uploads\/2026\/01\/Logo.png","contentUrl":"https:\/\/anthonypham.us\/wp-content\/uploads\/2026\/01\/Logo.png","width":303,"height":81,"caption":"Anthony Pham Realtor"},"image":{"@id":"https:\/\/anthonypham.us\/#\/schema\/logo\/image\/"},"sameAs":["https:\/\/www.facebook.com\/anthonypham2005","https:\/\/www.tiktok.com\/@anthonypham.us?_r=1&_t=ZT-93jkvxq8XyY","https:\/\/www.youtube.com\/@anthonypham-usa"]}]}},"_links":{"self":[{"href":"https:\/\/anthonypham.us\/en\/wp-json\/wp\/v2\/product\/366","targetHints":{"allow":["GET"]}}],"collection":[{"href":"https:\/\/anthonypham.us\/en\/wp-json\/wp\/v2\/product"}],"about":[{"href":"https:\/\/anthonypham.us\/en\/wp-json\/wp\/v2\/types\/product"}],"replies":[{"embeddable":true,"href":"https:\/\/anthonypham.us\/en\/wp-json\/wp\/v2\/comments?post=366"}],"wp:featuredmedia":[{"embeddable":true,"href":"https:\/\/anthonypham.us\/en\/wp-json\/wp\/v2\/media\/370"}],"wp:attachment":[{"href":"https:\/\/anthonypham.us\/en\/wp-json\/wp\/v2\/media?parent=366"}],"wp:term":[{"taxonomy":"product_brand","embeddable":true,"href":"https:\/\/anthonypham.us\/en\/wp-json\/wp\/v2\/product_brand?post=366"},{"taxonomy":"product_cat","embeddable":true,"href":"https:\/\/anthonypham.us\/en\/wp-json\/wp\/v2\/product_cat?post=366"},{"taxonomy":"product_tag","embeddable":true,"href":"https:\/\/anthonypham.us\/en\/wp-json\/wp\/v2\/product_tag?post=366"}],"curies":[{"name":"wp","href":"https:\/\/api.w.org\/{rel}","templated":true}]}}