{"id":372,"date":"2026-02-12T13:53:27","date_gmt":"2026-02-12T13:53:27","guid":{"rendered":"https:\/\/anthonypham.us\/?post_type=product&#038;p=372"},"modified":"2026-03-04T14:59:55","modified_gmt":"2026-03-04T14:59:55","slug":"vung-tau","status":"publish","type":"product","link":"https:\/\/anthonypham.us\/en\/product\/vung-tau\/","title":{"rendered":"Vung Tau"},"content":{"rendered":"<h2>V\u0168NG T\u00c0U<\/h2>\n<h3>Ch\u00ednh ch\u1ee7<\/h3>\n<ul>\n<li>Nh\u00e0 H\u1ebbm \u0110\u01b0\u1eddng L\u00ea H\u1ed3ng Phong, P.4, TT.TP. V\u0169ng T\u00e0u.<\/li>\n<li>H\u1ebbm \u00f4t\u00f4 \u0111\u1ebfn tr\u01b0\u1edbc nh\u00e0<\/li>\n<li>Di\u1ec7n t\u00edch: 43m\u00b2 full th\u1ed5 c\u01b0.<\/li>\n<li>Nh\u00e0 1 tr\u1ec7t 2 l\u1ea7u c\u00f3 ph\u00f2ng kh\u00e1ch, 4 ph\u00f2ng ng\u1ee7 5 toilet, b\u1ebfp, tho\u00e1ng m\u00e1t, \u0111\u1ea7y \u0111\u1ee7 c\u00f4ng n\u0103ng s\u1eed d\u1ee5ng, khu v\u1ef1c an ninh.<\/li>\n<li>Direction: West Quadrant<\/li>\n<li>Selling price: 5.6 billion<\/li>\n<\/ul>","protected":false},"excerpt":{"rendered":"<p><span data-sheets-root=\"1\"><img loading=\"lazy\" decoding=\"async\" class=\"alignnone wp-image-218\" src=\"https:\/\/anthonypham.us\/wp-content\/uploads\/2026\/02\/icon_phong.png\" alt=\"\" width=\"15\" height=\"13\" \/> A three-story house (ground floor + two upper floors) with a living room, four bedrooms, and five bathrooms.<\/span><\/p>\n<p><span data-sheets-root=\"1\"><img loading=\"lazy\" decoding=\"async\" class=\"alignnone wp-image-219\" src=\"https:\/\/anthonypham.us\/wp-content\/uploads\/2026\/02\/icon_rong.png\" alt=\"\" width=\"15\" height=\"13\" \/> Direction: West Quadrant<\/span><\/p>\n<p><span data-sheets-root=\"1\"><img loading=\"lazy\" decoding=\"async\" class=\"alignnone wp-image-216\" src=\"https:\/\/anthonypham.us\/wp-content\/uploads\/2026\/02\/icon_datrong.png\" alt=\"\" width=\"15\" height=\"13\" \/> Area: 43m\u00b2 (fully residential land)<\/span><\/p>\n<p><span data-sheets-root=\"1\"><img loading=\"lazy\" decoding=\"async\" class=\"alignnone wp-image-217\" src=\"https:\/\/anthonypham.us\/wp-content\/uploads\/2026\/02\/icon_gia.png\" alt=\"\" width=\"15\" height=\"13\" \/> Selling price: 5.6 billion<\/span><\/p>","protected":false},"featured_media":376,"comment_status":"closed","ping_status":"closed","template":"","meta":[],"product_brand":[],"product_cat":[34],"product_tag":[22,24],"class_list":{"0":"post-372","1":"product","2":"type-product","3":"status-publish","4":"has-post-thumbnail","6":"product_cat-nha-o-viet-nam","7":"product_tag-active-listing","8":"product_tag-bat-dong-san-viet-nam","10":"first","11":"instock","12":"shipping-taxable","13":"product-type-grouped"},"yoast_head":"<!-- This site is optimized with the Yoast SEO plugin v26.9 - https:\/\/yoast.com\/product\/yoast-seo-wordpress\/ -->\n<title>V\u0169ng T\u00e0u - Anthony Pham Realtor<\/title>\n<meta name=\"robots\" content=\"index, follow, max-snippet:-1, max-image-preview:large, max-video-preview:-1\" \/>\n<link rel=\"canonical\" href=\"https:\/\/anthonypham.us\/en\/product\/vung-tau\/\" \/>\n<meta property=\"og:locale\" content=\"en_US\" \/>\n<meta property=\"og:type\" content=\"article\" \/>\n<meta property=\"og:title\" content=\"V\u0169ng T\u00e0u - Anthony Pham Realtor\" \/>\n<meta property=\"og:description\" content=\"Nh\u00e0 1 tr\u1ec7t 2 l\u1ea7u c\u00f3 ph\u00f2ng kh\u00e1ch, 4 ph\u00f2ng ng\u1ee7, 5 toilet   H\u01b0\u1edbng: T\u00e2y T\u1ee9 Tr\u1ea1ch   Di\u1ec7n t\u00edch: 43m\u00b2 full th\u1ed5 c\u01b0   Gi\u00e1 b\u00e1n: 5 t\u1ef7 600\" \/>\n<meta property=\"og:url\" content=\"https:\/\/anthonypham.us\/en\/product\/vung-tau\/\" \/>\n<meta property=\"og:site_name\" content=\"Anthony Pham Realtor\" \/>\n<meta property=\"article:publisher\" content=\"https:\/\/www.facebook.com\/anthonypham2005\" \/>\n<meta property=\"article:modified_time\" content=\"2026-03-04T14:59:55+00:00\" \/>\n<meta property=\"og:image\" content=\"https:\/\/anthonypham.us\/wp-content\/uploads\/2026\/02\/4_VungTau_Cover.jpg\" \/>\n\t<meta property=\"og:image:width\" content=\"2048\" \/>\n\t<meta property=\"og:image:height\" content=\"1536\" \/>\n\t<meta property=\"og:image:type\" content=\"image\/jpeg\" \/>\n<meta name=\"twitter:card\" content=\"summary_large_image\" \/>\n<meta name=\"twitter:label1\" content=\"Est. reading time\" \/>\n\t<meta name=\"twitter:data1\" content=\"1 minute\" \/>\n<script type=\"application\/ld+json\" class=\"yoast-schema-graph\">{\"@context\":\"https:\/\/schema.org\",\"@graph\":[{\"@type\":\"WebPage\",\"@id\":\"https:\/\/anthonypham.us\/product\/vung-tau\/\",\"url\":\"https:\/\/anthonypham.us\/product\/vung-tau\/\",\"name\":\"V\u0169ng T\u00e0u - Anthony Pham Realtor\",\"isPartOf\":{\"@id\":\"https:\/\/anthonypham.us\/#website\"},\"primaryImageOfPage\":{\"@id\":\"https:\/\/anthonypham.us\/product\/vung-tau\/#primaryimage\"},\"image\":{\"@id\":\"https:\/\/anthonypham.us\/product\/vung-tau\/#primaryimage\"},\"thumbnailUrl\":\"https:\/\/anthonypham.us\/wp-content\/uploads\/2026\/02\/4_VungTau_Cover.jpg\",\"datePublished\":\"2026-02-12T13:53:27+00:00\",\"dateModified\":\"2026-03-04T14:59:55+00:00\",\"breadcrumb\":{\"@id\":\"https:\/\/anthonypham.us\/product\/vung-tau\/#breadcrumb\"},\"inLanguage\":\"en-US\",\"potentialAction\":[{\"@type\":\"ReadAction\",\"target\":[\"https:\/\/anthonypham.us\/product\/vung-tau\/\"]}]},{\"@type\":\"ImageObject\",\"inLanguage\":\"en-US\",\"@id\":\"https:\/\/anthonypham.us\/product\/vung-tau\/#primaryimage\",\"url\":\"https:\/\/anthonypham.us\/wp-content\/uploads\/2026\/02\/4_VungTau_Cover.jpg\",\"contentUrl\":\"https:\/\/anthonypham.us\/wp-content\/uploads\/2026\/02\/4_VungTau_Cover.jpg\",\"width\":2048,\"height\":1536},{\"@type\":\"BreadcrumbList\",\"@id\":\"https:\/\/anthonypham.us\/product\/vung-tau\/#breadcrumb\",\"itemListElement\":[{\"@type\":\"ListItem\",\"position\":1,\"name\":\"Home\",\"item\":\"https:\/\/anthonypham.us\/\"},{\"@type\":\"ListItem\",\"position\":2,\"name\":\"Shop\",\"item\":\"https:\/\/anthonypham.us\/shop\/\"},{\"@type\":\"ListItem\",\"position\":3,\"name\":\"V\u0169ng T\u00e0u\"}]},{\"@type\":\"WebSite\",\"@id\":\"https:\/\/anthonypham.us\/#website\",\"url\":\"https:\/\/anthonypham.us\/\",\"name\":\"Anthony Pham Realtor\",\"description\":\"\",\"publisher\":{\"@id\":\"https:\/\/anthonypham.us\/#organization\"},\"potentialAction\":[{\"@type\":\"SearchAction\",\"target\":{\"@type\":\"EntryPoint\",\"urlTemplate\":\"https:\/\/anthonypham.us\/?s={search_term_string}\"},\"query-input\":{\"@type\":\"PropertyValueSpecification\",\"valueRequired\":true,\"valueName\":\"search_term_string\"}}],\"inLanguage\":\"en-US\"},{\"@type\":\"Organization\",\"@id\":\"https:\/\/anthonypham.us\/#organization\",\"name\":\"Anthony Pham Realtor\",\"url\":\"https:\/\/anthonypham.us\/\",\"logo\":{\"@type\":\"ImageObject\",\"inLanguage\":\"en-US\",\"@id\":\"https:\/\/anthonypham.us\/#\/schema\/logo\/image\/\",\"url\":\"https:\/\/anthonypham.us\/wp-content\/uploads\/2026\/01\/Logo.png\",\"contentUrl\":\"https:\/\/anthonypham.us\/wp-content\/uploads\/2026\/01\/Logo.png\",\"width\":303,\"height\":81,\"caption\":\"Anthony Pham Realtor\"},\"image\":{\"@id\":\"https:\/\/anthonypham.us\/#\/schema\/logo\/image\/\"},\"sameAs\":[\"https:\/\/www.facebook.com\/anthonypham2005\",\"https:\/\/www.tiktok.com\/@anthonypham.us?_r=1&_t=ZT-93jkvxq8XyY\",\"https:\/\/www.youtube.com\/@anthonypham-usa\"]}]}<\/script>\n<!-- \/ Yoast SEO plugin. -->","yoast_head_json":{"title":"V\u0169ng T\u00e0u - Anthony Pham Realtor","robots":{"index":"index","follow":"follow","max-snippet":"max-snippet:-1","max-image-preview":"max-image-preview:large","max-video-preview":"max-video-preview:-1"},"canonical":"https:\/\/anthonypham.us\/en\/product\/vung-tau\/","og_locale":"en_US","og_type":"article","og_title":"V\u0169ng T\u00e0u - Anthony Pham Realtor","og_description":"Nh\u00e0 1 tr\u1ec7t 2 l\u1ea7u c\u00f3 ph\u00f2ng kh\u00e1ch, 4 ph\u00f2ng ng\u1ee7, 5 toilet   H\u01b0\u1edbng: T\u00e2y T\u1ee9 Tr\u1ea1ch   Di\u1ec7n t\u00edch: 43m\u00b2 full th\u1ed5 c\u01b0   Gi\u00e1 b\u00e1n: 5 t\u1ef7 600","og_url":"https:\/\/anthonypham.us\/en\/product\/vung-tau\/","og_site_name":"Anthony Pham Realtor","article_publisher":"https:\/\/www.facebook.com\/anthonypham2005","article_modified_time":"2026-03-04T14:59:55+00:00","og_image":[{"width":2048,"height":1536,"url":"https:\/\/anthonypham.us\/wp-content\/uploads\/2026\/02\/4_VungTau_Cover.jpg","type":"image\/jpeg"}],"twitter_card":"summary_large_image","twitter_misc":{"Est. reading time":"1 minute"},"schema":{"@context":"https:\/\/schema.org","@graph":[{"@type":"WebPage","@id":"https:\/\/anthonypham.us\/product\/vung-tau\/","url":"https:\/\/anthonypham.us\/product\/vung-tau\/","name":"V\u0169ng T\u00e0u - Anthony Pham Realtor","isPartOf":{"@id":"https:\/\/anthonypham.us\/#website"},"primaryImageOfPage":{"@id":"https:\/\/anthonypham.us\/product\/vung-tau\/#primaryimage"},"image":{"@id":"https:\/\/anthonypham.us\/product\/vung-tau\/#primaryimage"},"thumbnailUrl":"https:\/\/anthonypham.us\/wp-content\/uploads\/2026\/02\/4_VungTau_Cover.jpg","datePublished":"2026-02-12T13:53:27+00:00","dateModified":"2026-03-04T14:59:55+00:00","breadcrumb":{"@id":"https:\/\/anthonypham.us\/product\/vung-tau\/#breadcrumb"},"inLanguage":"en-US","potentialAction":[{"@type":"ReadAction","target":["https:\/\/anthonypham.us\/product\/vung-tau\/"]}]},{"@type":"ImageObject","inLanguage":"en-US","@id":"https:\/\/anthonypham.us\/product\/vung-tau\/#primaryimage","url":"https:\/\/anthonypham.us\/wp-content\/uploads\/2026\/02\/4_VungTau_Cover.jpg","contentUrl":"https:\/\/anthonypham.us\/wp-content\/uploads\/2026\/02\/4_VungTau_Cover.jpg","width":2048,"height":1536},{"@type":"BreadcrumbList","@id":"https:\/\/anthonypham.us\/product\/vung-tau\/#breadcrumb","itemListElement":[{"@type":"ListItem","position":1,"name":"Home","item":"https:\/\/anthonypham.us\/"},{"@type":"ListItem","position":2,"name":"Shop","item":"https:\/\/anthonypham.us\/shop\/"},{"@type":"ListItem","position":3,"name":"V\u0169ng T\u00e0u"}]},{"@type":"WebSite","@id":"https:\/\/anthonypham.us\/#website","url":"https:\/\/anthonypham.us\/","name":"Anthony Pham Realtor","description":"","publisher":{"@id":"https:\/\/anthonypham.us\/#organization"},"potentialAction":[{"@type":"SearchAction","target":{"@type":"EntryPoint","urlTemplate":"https:\/\/anthonypham.us\/?s={search_term_string}"},"query-input":{"@type":"PropertyValueSpecification","valueRequired":true,"valueName":"search_term_string"}}],"inLanguage":"en-US"},{"@type":"Organization","@id":"https:\/\/anthonypham.us\/#organization","name":"Anthony Pham Realtor","url":"https:\/\/anthonypham.us\/","logo":{"@type":"ImageObject","inLanguage":"en-US","@id":"https:\/\/anthonypham.us\/#\/schema\/logo\/image\/","url":"https:\/\/anthonypham.us\/wp-content\/uploads\/2026\/01\/Logo.png","contentUrl":"https:\/\/anthonypham.us\/wp-content\/uploads\/2026\/01\/Logo.png","width":303,"height":81,"caption":"Anthony Pham Realtor"},"image":{"@id":"https:\/\/anthonypham.us\/#\/schema\/logo\/image\/"},"sameAs":["https:\/\/www.facebook.com\/anthonypham2005","https:\/\/www.tiktok.com\/@anthonypham.us?_r=1&_t=ZT-93jkvxq8XyY","https:\/\/www.youtube.com\/@anthonypham-usa"]}]}},"_links":{"self":[{"href":"https:\/\/anthonypham.us\/en\/wp-json\/wp\/v2\/product\/372","targetHints":{"allow":["GET"]}}],"collection":[{"href":"https:\/\/anthonypham.us\/en\/wp-json\/wp\/v2\/product"}],"about":[{"href":"https:\/\/anthonypham.us\/en\/wp-json\/wp\/v2\/types\/product"}],"replies":[{"embeddable":true,"href":"https:\/\/anthonypham.us\/en\/wp-json\/wp\/v2\/comments?post=372"}],"wp:featuredmedia":[{"embeddable":true,"href":"https:\/\/anthonypham.us\/en\/wp-json\/wp\/v2\/media\/376"}],"wp:attachment":[{"href":"https:\/\/anthonypham.us\/en\/wp-json\/wp\/v2\/media?parent=372"}],"wp:term":[{"taxonomy":"product_brand","embeddable":true,"href":"https:\/\/anthonypham.us\/en\/wp-json\/wp\/v2\/product_brand?post=372"},{"taxonomy":"product_cat","embeddable":true,"href":"https:\/\/anthonypham.us\/en\/wp-json\/wp\/v2\/product_cat?post=372"},{"taxonomy":"product_tag","embeddable":true,"href":"https:\/\/anthonypham.us\/en\/wp-json\/wp\/v2\/product_tag?post=372"}],"curies":[{"name":"wp","href":"https:\/\/api.w.org\/{rel}","templated":true}]}}