{"id":486,"date":"2026-02-25T14:35:17","date_gmt":"2026-02-25T14:35:17","guid":{"rendered":"https:\/\/anthonypham.us\/?post_type=product&#038;p=486"},"modified":"2026-03-04T15:05:15","modified_gmt":"2026-03-04T15:05:15","slug":"riverpark-residence","status":"publish","type":"product","link":"https:\/\/anthonypham.us\/en\/product\/riverpark-residence\/","title":{"rendered":"RIVERPARK RESIDENCE"},"content":{"rendered":"<h2>RIVERPARK RESIDENCE \u2013 BI\u1ec2U T\u01af\u1ee2NG S\u1ed0NG TH\u1edcI TH\u01af\u1ee2NG T\u1ea0I PH\u00da M\u1ef8 H\u01afNG<\/h2>\n<div>\ud83c\udf3f Kh\u00f4ng gian xanh l\u00fd t\u01b0\u1edfng \u2013 ban c\u00f4ng m\u1edf ra to\u00e0n c\u1ea3nh c\u00f4ng vi\u00ean v\u00e0 skyline Ph\u00fa M\u1ef9 H\u01b0ng, \u0111\u00f3n n\u1eafng v\u00e0 gi\u00f3 t\u1ef1 nhi\u00ean m\u1ed7i ng\u00e0y.<\/div>\n<div>\ud83d\udccd V\u1ecb tr\u00ed kim c\u01b0\u01a1ng tr\u00ean tr\u1ee5c Nguy\u1ec5n \u0110\u1ee9c C\u1ea3nh danh gi\u00e1, t\u00e2m \u0111i\u1ec3m c\u1ee7a khu C\u1ea3nh \u0110\u1ed3i \u2013 n\u01a1i quy t\u1ee5 c\u1ed9ng \u0111\u1ed3ng c\u01b0 d\u00e2n tinh hoa v\u00e0 ti\u1ec7n \u00edch h\u1ea1ng sang.<\/div>\n<div>\ud83c\udf93 Li\u1ec1n k\u1ec1 tr\u01b0\u1eddng qu\u1ed1c t\u1ebf SSIS, thu\u1eadn ti\u1ec7n cho gia \u0111\u00ecnh c\u00f3 con h\u1ecdc t\u1eadp trong m\u00f4i tr\u01b0\u1eddng qu\u1ed1c t\u1ebf.<\/div>\n<div>\ud83c\udfca\u200d\u2642\ufe0f H\u1ec7 ti\u1ec7n \u00edch \u0111\u1eb3ng c\u1ea5p: H\u1ed3 b\u01a1i chu\u1ea9n resort, ph\u00f2ng gym hi\u1ec7n \u0111\u1ea1i, c\u00f4ng vi\u00ean xanh m\u00e1t v\u00e0 chu\u1ed7i mua s\u1eafm \u2013 \u1ea9m th\u1ef1c cao c\u1ea5p ngay d\u01b0\u1edbi ch\u00e2n nh\u00e0.<\/div>\n<div><\/div>\n<div>\ud83d\udd11 Th\u00f4ng tin c\u0103n h\u1ed9:<\/div>\n<div>\u2022 Di\u1ec7n t\u00edch: 129 m\u00b2<\/div>\n<div>\u2022 B\u1ed1 tr\u00ed: 3 ph\u00f2ng ng\u1ee7 \u2013 2 WC<\/div>\n<div>\u2022 N\u1ed9i th\u1ea5t: Ho\u00e0n to\u00e0n m\u1edbi, thi\u1ebft k\u1ebf tinh t\u1ebf \u2013 trang b\u1ecb thi\u1ebft b\u1ecb cao c\u1ea5p.<\/div>\n<div><\/div>\n<div>\ud83d\udcb0 Gi\u00e1 b\u00e1n: 18,7 t\u1ef7 \u2013 l\u1ef1a ch\u1ecdn x\u1ee9ng t\u1ea7m cho nh\u1eefng ai t\u00ecm ki\u1ebfm gi\u00e1 tr\u1ecb s\u1ed1ng b\u1ec1n v\u1eefng v\u00e0 \u0111\u1eb3ng c\u1ea5p.<\/div>","protected":false},"excerpt":{"rendered":"<p><span data-sheets-root=\"1\"><img loading=\"lazy\" decoding=\"async\" class=\"alignnone wp-image-219\" src=\"https:\/\/anthonypham.us\/wp-content\/uploads\/2026\/02\/icon_rong.png\" alt=\"\" width=\"15\" height=\"13\" \/> A prime location on the prestigious Nguyen Duc Canh street, the heart of the Canh Doi area.<\/span><\/p>\n<p><span data-sheets-root=\"1\"><img loading=\"lazy\" decoding=\"async\" class=\"alignnone wp-image-218\" src=\"https:\/\/anthonypham.us\/wp-content\/uploads\/2026\/02\/icon_phong.png\" alt=\"\" width=\"15\" height=\"13\" \/> 3 bedrooms, 2 bathrooms<\/span><\/p>\n<p><span data-sheets-root=\"1\"><img loading=\"lazy\" decoding=\"async\" class=\"alignnone wp-image-219\" src=\"https:\/\/anthonypham.us\/wp-content\/uploads\/2026\/02\/icon_rong.png\" alt=\"\" width=\"15\" height=\"13\" \/> Area: 129 m\u00b2<\/span><\/p>\n<p><span data-sheets-root=\"1\"><img loading=\"lazy\" decoding=\"async\" class=\"alignnone wp-image-217\" src=\"https:\/\/anthonypham.us\/wp-content\/uploads\/2026\/02\/icon_gia.png\" alt=\"\" width=\"15\" height=\"13\" \/> Selling price: 18.7 billion<\/span><\/p>","protected":false},"featured_media":487,"comment_status":"closed","ping_status":"closed","template":"","meta":[],"product_brand":[],"product_cat":[34],"product_tag":[22,24],"class_list":{"0":"post-486","1":"product","2":"type-product","3":"status-publish","4":"has-post-thumbnail","6":"product_cat-nha-o-viet-nam","7":"product_tag-active-listing","8":"product_tag-bat-dong-san-viet-nam","10":"first","11":"instock","12":"shipping-taxable","13":"product-type-grouped"},"yoast_head":"<!-- This site is optimized with the Yoast SEO plugin v26.9 - https:\/\/yoast.com\/product\/yoast-seo-wordpress\/ -->\n<title>RIVERPARK RESIDENCE - Anthony Pham Realtor<\/title>\n<meta name=\"robots\" content=\"index, follow, max-snippet:-1, max-image-preview:large, max-video-preview:-1\" \/>\n<link rel=\"canonical\" href=\"https:\/\/anthonypham.us\/en\/product\/riverpark-residence\/\" \/>\n<meta property=\"og:locale\" content=\"en_US\" \/>\n<meta property=\"og:type\" content=\"article\" \/>\n<meta property=\"og:title\" content=\"RIVERPARK RESIDENCE - Anthony Pham Realtor\" \/>\n<meta property=\"og:description\" content=\"V\u1ecb tr\u00ed kim c\u01b0\u01a1ng tr\u00ean tr\u1ee5c Nguy\u1ec5n \u0110\u1ee9c C\u1ea3nh danh gi\u00e1, t\u00e2m \u0111i\u1ec3m c\u1ee7a khu C\u1ea3nh \u0110\u1ed3i   3 ph\u00f2ng ng\u1ee7, 2 WC   Di\u1ec7n t\u00edch: 129 m\u00b2   Gi\u00e1 b\u00e1n: 18,7 t\u1ef7\" \/>\n<meta property=\"og:url\" content=\"https:\/\/anthonypham.us\/en\/product\/riverpark-residence\/\" \/>\n<meta property=\"og:site_name\" content=\"Anthony Pham Realtor\" \/>\n<meta property=\"article:publisher\" content=\"https:\/\/www.facebook.com\/anthonypham2005\" \/>\n<meta property=\"article:modified_time\" content=\"2026-03-04T15:05:15+00:00\" \/>\n<meta property=\"og:image\" content=\"https:\/\/anthonypham.us\/wp-content\/uploads\/2026\/02\/8_RIVERPARK_1.jpg\" \/>\n\t<meta property=\"og:image:width\" content=\"1284\" \/>\n\t<meta property=\"og:image:height\" content=\"963\" \/>\n\t<meta property=\"og:image:type\" content=\"image\/jpeg\" \/>\n<meta name=\"twitter:card\" content=\"summary_large_image\" \/>\n<meta name=\"twitter:label1\" content=\"Est. reading time\" \/>\n\t<meta name=\"twitter:data1\" content=\"1 minute\" \/>\n<script type=\"application\/ld+json\" class=\"yoast-schema-graph\">{\"@context\":\"https:\/\/schema.org\",\"@graph\":[{\"@type\":\"WebPage\",\"@id\":\"https:\/\/anthonypham.us\/product\/riverpark-residence\/\",\"url\":\"https:\/\/anthonypham.us\/product\/riverpark-residence\/\",\"name\":\"RIVERPARK RESIDENCE - Anthony Pham Realtor\",\"isPartOf\":{\"@id\":\"https:\/\/anthonypham.us\/#website\"},\"primaryImageOfPage\":{\"@id\":\"https:\/\/anthonypham.us\/product\/riverpark-residence\/#primaryimage\"},\"image\":{\"@id\":\"https:\/\/anthonypham.us\/product\/riverpark-residence\/#primaryimage\"},\"thumbnailUrl\":\"https:\/\/anthonypham.us\/wp-content\/uploads\/2026\/02\/8_RIVERPARK_1.jpg\",\"datePublished\":\"2026-02-25T14:35:17+00:00\",\"dateModified\":\"2026-03-04T15:05:15+00:00\",\"breadcrumb\":{\"@id\":\"https:\/\/anthonypham.us\/product\/riverpark-residence\/#breadcrumb\"},\"inLanguage\":\"en-US\",\"potentialAction\":[{\"@type\":\"ReadAction\",\"target\":[\"https:\/\/anthonypham.us\/product\/riverpark-residence\/\"]}]},{\"@type\":\"ImageObject\",\"inLanguage\":\"en-US\",\"@id\":\"https:\/\/anthonypham.us\/product\/riverpark-residence\/#primaryimage\",\"url\":\"https:\/\/anthonypham.us\/wp-content\/uploads\/2026\/02\/8_RIVERPARK_1.jpg\",\"contentUrl\":\"https:\/\/anthonypham.us\/wp-content\/uploads\/2026\/02\/8_RIVERPARK_1.jpg\",\"width\":1284,\"height\":963},{\"@type\":\"BreadcrumbList\",\"@id\":\"https:\/\/anthonypham.us\/product\/riverpark-residence\/#breadcrumb\",\"itemListElement\":[{\"@type\":\"ListItem\",\"position\":1,\"name\":\"Home\",\"item\":\"https:\/\/anthonypham.us\/\"},{\"@type\":\"ListItem\",\"position\":2,\"name\":\"Shop\",\"item\":\"https:\/\/anthonypham.us\/shop\/\"},{\"@type\":\"ListItem\",\"position\":3,\"name\":\"RIVERPARK RESIDENCE\"}]},{\"@type\":\"WebSite\",\"@id\":\"https:\/\/anthonypham.us\/#website\",\"url\":\"https:\/\/anthonypham.us\/\",\"name\":\"Anthony Pham Realtor\",\"description\":\"\",\"publisher\":{\"@id\":\"https:\/\/anthonypham.us\/#organization\"},\"potentialAction\":[{\"@type\":\"SearchAction\",\"target\":{\"@type\":\"EntryPoint\",\"urlTemplate\":\"https:\/\/anthonypham.us\/?s={search_term_string}\"},\"query-input\":{\"@type\":\"PropertyValueSpecification\",\"valueRequired\":true,\"valueName\":\"search_term_string\"}}],\"inLanguage\":\"en-US\"},{\"@type\":\"Organization\",\"@id\":\"https:\/\/anthonypham.us\/#organization\",\"name\":\"Anthony Pham Realtor\",\"url\":\"https:\/\/anthonypham.us\/\",\"logo\":{\"@type\":\"ImageObject\",\"inLanguage\":\"en-US\",\"@id\":\"https:\/\/anthonypham.us\/#\/schema\/logo\/image\/\",\"url\":\"https:\/\/anthonypham.us\/wp-content\/uploads\/2026\/01\/Logo.png\",\"contentUrl\":\"https:\/\/anthonypham.us\/wp-content\/uploads\/2026\/01\/Logo.png\",\"width\":303,\"height\":81,\"caption\":\"Anthony Pham Realtor\"},\"image\":{\"@id\":\"https:\/\/anthonypham.us\/#\/schema\/logo\/image\/\"},\"sameAs\":[\"https:\/\/www.facebook.com\/anthonypham2005\",\"https:\/\/www.tiktok.com\/@anthonypham.us?_r=1&_t=ZT-93jkvxq8XyY\",\"https:\/\/www.youtube.com\/@anthonypham-usa\"]}]}<\/script>\n<!-- \/ Yoast SEO plugin. -->","yoast_head_json":{"title":"RIVERPARK RESIDENCE - Anthony Pham Realtor","robots":{"index":"index","follow":"follow","max-snippet":"max-snippet:-1","max-image-preview":"max-image-preview:large","max-video-preview":"max-video-preview:-1"},"canonical":"https:\/\/anthonypham.us\/en\/product\/riverpark-residence\/","og_locale":"en_US","og_type":"article","og_title":"RIVERPARK RESIDENCE - Anthony Pham Realtor","og_description":"V\u1ecb tr\u00ed kim c\u01b0\u01a1ng tr\u00ean tr\u1ee5c Nguy\u1ec5n \u0110\u1ee9c C\u1ea3nh danh gi\u00e1, t\u00e2m \u0111i\u1ec3m c\u1ee7a khu C\u1ea3nh \u0110\u1ed3i   3 ph\u00f2ng ng\u1ee7, 2 WC   Di\u1ec7n t\u00edch: 129 m\u00b2   Gi\u00e1 b\u00e1n: 18,7 t\u1ef7","og_url":"https:\/\/anthonypham.us\/en\/product\/riverpark-residence\/","og_site_name":"Anthony Pham Realtor","article_publisher":"https:\/\/www.facebook.com\/anthonypham2005","article_modified_time":"2026-03-04T15:05:15+00:00","og_image":[{"width":1284,"height":963,"url":"https:\/\/anthonypham.us\/wp-content\/uploads\/2026\/02\/8_RIVERPARK_1.jpg","type":"image\/jpeg"}],"twitter_card":"summary_large_image","twitter_misc":{"Est. reading time":"1 minute"},"schema":{"@context":"https:\/\/schema.org","@graph":[{"@type":"WebPage","@id":"https:\/\/anthonypham.us\/product\/riverpark-residence\/","url":"https:\/\/anthonypham.us\/product\/riverpark-residence\/","name":"RIVERPARK RESIDENCE - Anthony Pham Realtor","isPartOf":{"@id":"https:\/\/anthonypham.us\/#website"},"primaryImageOfPage":{"@id":"https:\/\/anthonypham.us\/product\/riverpark-residence\/#primaryimage"},"image":{"@id":"https:\/\/anthonypham.us\/product\/riverpark-residence\/#primaryimage"},"thumbnailUrl":"https:\/\/anthonypham.us\/wp-content\/uploads\/2026\/02\/8_RIVERPARK_1.jpg","datePublished":"2026-02-25T14:35:17+00:00","dateModified":"2026-03-04T15:05:15+00:00","breadcrumb":{"@id":"https:\/\/anthonypham.us\/product\/riverpark-residence\/#breadcrumb"},"inLanguage":"en-US","potentialAction":[{"@type":"ReadAction","target":["https:\/\/anthonypham.us\/product\/riverpark-residence\/"]}]},{"@type":"ImageObject","inLanguage":"en-US","@id":"https:\/\/anthonypham.us\/product\/riverpark-residence\/#primaryimage","url":"https:\/\/anthonypham.us\/wp-content\/uploads\/2026\/02\/8_RIVERPARK_1.jpg","contentUrl":"https:\/\/anthonypham.us\/wp-content\/uploads\/2026\/02\/8_RIVERPARK_1.jpg","width":1284,"height":963},{"@type":"BreadcrumbList","@id":"https:\/\/anthonypham.us\/product\/riverpark-residence\/#breadcrumb","itemListElement":[{"@type":"ListItem","position":1,"name":"Home","item":"https:\/\/anthonypham.us\/"},{"@type":"ListItem","position":2,"name":"Shop","item":"https:\/\/anthonypham.us\/shop\/"},{"@type":"ListItem","position":3,"name":"RIVERPARK RESIDENCE"}]},{"@type":"WebSite","@id":"https:\/\/anthonypham.us\/#website","url":"https:\/\/anthonypham.us\/","name":"Anthony Pham Realtor","description":"","publisher":{"@id":"https:\/\/anthonypham.us\/#organization"},"potentialAction":[{"@type":"SearchAction","target":{"@type":"EntryPoint","urlTemplate":"https:\/\/anthonypham.us\/?s={search_term_string}"},"query-input":{"@type":"PropertyValueSpecification","valueRequired":true,"valueName":"search_term_string"}}],"inLanguage":"en-US"},{"@type":"Organization","@id":"https:\/\/anthonypham.us\/#organization","name":"Anthony Pham Realtor","url":"https:\/\/anthonypham.us\/","logo":{"@type":"ImageObject","inLanguage":"en-US","@id":"https:\/\/anthonypham.us\/#\/schema\/logo\/image\/","url":"https:\/\/anthonypham.us\/wp-content\/uploads\/2026\/01\/Logo.png","contentUrl":"https:\/\/anthonypham.us\/wp-content\/uploads\/2026\/01\/Logo.png","width":303,"height":81,"caption":"Anthony Pham Realtor"},"image":{"@id":"https:\/\/anthonypham.us\/#\/schema\/logo\/image\/"},"sameAs":["https:\/\/www.facebook.com\/anthonypham2005","https:\/\/www.tiktok.com\/@anthonypham.us?_r=1&_t=ZT-93jkvxq8XyY","https:\/\/www.youtube.com\/@anthonypham-usa"]}]}},"_links":{"self":[{"href":"https:\/\/anthonypham.us\/en\/wp-json\/wp\/v2\/product\/486","targetHints":{"allow":["GET"]}}],"collection":[{"href":"https:\/\/anthonypham.us\/en\/wp-json\/wp\/v2\/product"}],"about":[{"href":"https:\/\/anthonypham.us\/en\/wp-json\/wp\/v2\/types\/product"}],"replies":[{"embeddable":true,"href":"https:\/\/anthonypham.us\/en\/wp-json\/wp\/v2\/comments?post=486"}],"wp:featuredmedia":[{"embeddable":true,"href":"https:\/\/anthonypham.us\/en\/wp-json\/wp\/v2\/media\/487"}],"wp:attachment":[{"href":"https:\/\/anthonypham.us\/en\/wp-json\/wp\/v2\/media?parent=486"}],"wp:term":[{"taxonomy":"product_brand","embeddable":true,"href":"https:\/\/anthonypham.us\/en\/wp-json\/wp\/v2\/product_brand?post=486"},{"taxonomy":"product_cat","embeddable":true,"href":"https:\/\/anthonypham.us\/en\/wp-json\/wp\/v2\/product_cat?post=486"},{"taxonomy":"product_tag","embeddable":true,"href":"https:\/\/anthonypham.us\/en\/wp-json\/wp\/v2\/product_tag?post=486"}],"curies":[{"name":"wp","href":"https:\/\/api.w.org\/{rel}","templated":true}]}}